{"id":3701,"date":"2023-07-19T15:25:50","date_gmt":"2023-07-19T15:25:50","guid":{"rendered":"https:\/\/solcam.es\/comunidades-energeticas\/"},"modified":"2023-09-12T07:20:46","modified_gmt":"2023-09-12T07:20:46","slug":"comunidades-energeticas","status":"publish","type":"page","link":"https:\/\/solcam.es\/es\/comunidades-energeticas\/","title":{"rendered":"Comunidades Energ\u00e9ticas"},"content":{"rendered":"\t\t<div data-elementor-type=\"wp-page\" data-elementor-id=\"3701\" class=\"elementor elementor-3701 elementor-3364\" data-elementor-post-type=\"page\">\n\t\t\t\t<div class=\"elementor-element elementor-element-d6d0898 e-con-full e-flex e-con e-parent\" data-id=\"d6d0898\" data-element_type=\"container\" data-e-type=\"container\" data-settings=\"{&quot;background_background&quot;:&quot;classic&quot;}\">\n\t\t\t\t<div class=\"elementor-element elementor-element-e7db183 elementor-widget elementor-widget-heading\" data-id=\"e7db183\" data-element_type=\"widget\" data-e-type=\"widget\" data-widget_type=\"heading.default\">\n\t\t\t\t<div class=\"elementor-widget-container\">\n\t\t\t\t\t<h2 class=\"elementor-heading-title elementor-size-default\">Comunidades Energ\u00e9ticas<\/h2>\t\t\t\t<\/div>\n\t\t\t\t<\/div>\n\t\t\t\t<div class=\"elementor-element elementor-element-ca40891 elementor-widget__width-initial elementor-widget elementor-widget-text-editor\" data-id=\"ca40891\" data-element_type=\"widget\" data-e-type=\"widget\" data-widget_type=\"text-editor.default\">\n\t\t\t\t<div class=\"elementor-widget-container\">\n\t\t\t\t\t\t\t\t\t<p>En Solcam trabajamos las comunidades energ\u00e9ticas con una visi\u00f3n de futuro que est\u00e1 transformando la forma en que producimos, consumimos y compartimos energ\u00eda de manera sostenible y colaborativa.<\/p>\n\t\t\t\t\t\t\t\t<\/div>\n\t\t\t\t<\/div>\n\t\t\t\t<\/div>\n\t\t<div class=\"elementor-element elementor-element-8249cb0 e-flex e-con-boxed e-con e-parent\" data-id=\"8249cb0\" data-element_type=\"container\" data-e-type=\"container\" data-settings=\"{&quot;background_background&quot;:&quot;classic&quot;}\">\n\t\t\t\t\t<div class=\"e-con-inner\">\n\t\t\t\t<div class=\"elementor-element elementor-element-bda4d42 elementor-widget elementor-widget-heading\" data-id=\"bda4d42\" data-element_type=\"widget\" data-e-type=\"widget\" data-widget_type=\"heading.default\">\n\t\t\t\t<div class=\"elementor-widget-container\">\n\t\t\t\t\t<h2 class=\"elementor-heading-title elementor-size-default\"><p style=\"margin: 0px;font-weight: normal;font-size: 14px;line-height: normal;font-family: Helvetica\"><span>\u00bfQu\u00e9 son las comunidades energ\u00e9ticas?<\/span><span><\/span><\/p><\/h2>\t\t\t\t<\/div>\n\t\t\t\t<\/div>\n\t\t\t\t<div class=\"elementor-element elementor-element-fd2a839 elementor-widget-divider--view-line elementor-widget elementor-widget-divider\" data-id=\"fd2a839\" data-element_type=\"widget\" data-e-type=\"widget\" data-widget_type=\"divider.default\">\n\t\t\t\t<div class=\"elementor-widget-container\">\n\t\t\t\t\t\t\t<div class=\"elementor-divider\">\n\t\t\t<span class=\"elementor-divider-separator\">\n\t\t\t\t\t\t<\/span>\n\t\t<\/div>\n\t\t\t\t\t\t<\/div>\n\t\t\t\t<\/div>\n\t\t<div class=\"elementor-element elementor-element-2f1c5ae e-con-full e-flex e-con e-parent\" data-id=\"2f1c5ae\" data-element_type=\"container\" data-e-type=\"container\">\n\t\t\t\t<div class=\"elementor-element elementor-element-27007c8 elementor-widget elementor-widget-heading\" data-id=\"27007c8\" data-element_type=\"widget\" data-e-type=\"widget\" data-widget_type=\"heading.default\">\n\t\t\t\t<div class=\"elementor-widget-container\">\n\t\t\t\t\t<h2 class=\"elementor-heading-title elementor-size-default\">Las Comunidades Energ\u00e9ticas son la herramienta principal para hacer realidad el empoderamiento ciudadano en el sector energ\u00e9tico y una forma de organizarse entre la ciudadan\u00eda, las pymes y\/o las administraciones locales, para decidir c\u00f3mo producir, gestionar y utilizar la energ\u00eda de origen 100% renovable con el objetivo de beneficiarse colectivamente.<\/h2>\t\t\t\t<\/div>\n\t\t\t\t<\/div>\n\t\t<div class=\"elementor-element elementor-element-833729a e-con-full e-flex e-con e-parent\" data-id=\"833729a\" data-element_type=\"container\" data-e-type=\"container\">\n\t\t<div class=\"elementor-element elementor-element-5192a57 e-con-full e-flex elementor-invisible e-con e-parent\" data-id=\"5192a57\" data-element_type=\"container\" data-e-type=\"container\" data-settings=\"{&quot;animation&quot;:&quot;fadeIn&quot;}\">\n\t\t\t\t<div class=\"elementor-element elementor-element-0167d35 elementor-widget elementor-widget-text-editor\" data-id=\"0167d35\" data-element_type=\"widget\" data-e-type=\"widget\" data-widget_type=\"text-editor.default\">\n\t\t\t\t<div class=\"elementor-widget-container\">\n\t\t\t\t\t\t\t\t\t<p>Cada comunidad energ\u00e9tica es distinta pero a nivel legal la normativa europea, introduce dos conceptos diferenciados con un nexo com\u00fan de comunidad energ\u00e9tica, que son, la Comunidad Ciudadana de Energ\u00eda (CCE) y la Comunidad de Energ\u00edas Renovables (CER).<\/p>\n\t\t\t\t\t\t\t\t<\/div>\n\t\t\t\t<\/div>\n\t\t\t\t<\/div>\n\t\t<div class=\"elementor-element elementor-element-6666b4b e-con-full e-flex elementor-invisible e-con e-parent\" data-id=\"6666b4b\" data-element_type=\"container\" data-e-type=\"container\" data-settings=\"{&quot;animation&quot;:&quot;fadeIn&quot;,&quot;animation_delay&quot;:300}\">\n\t\t\t\t<div class=\"elementor-element elementor-element-2da9932 elementor-widget elementor-widget-text-editor\" data-id=\"2da9932\" data-element_type=\"widget\" data-e-type=\"widget\" data-widget_type=\"text-editor.default\">\n\t\t\t\t<div class=\"elementor-widget-container\">\n\t\t\t\t\t\t\t\t\t<p>Ambos modelos tienen com\u00fan que han sido una entidad jur\u00eddica con participaci\u00f3n abierta y voluntaria de sus socios y su finalidad primordial es proporcionar beneficios ambientales, econ\u00f3micos y sociales a sus miembros. <\/p>\n<p>La diferencia principal ser\u00eda el \u00e1mbito de actuaci\u00f3n y el papel que pueden desempe\u00f1ar dentro del sector el\u00e9ctrico. <\/p>\n\t\t\t\t\t\t\t\t<\/div>\n\t\t\t\t<\/div>\n\t\t\t\t<\/div>\n\t\t<div class=\"elementor-element elementor-element-a7d06d2 e-con-full e-flex elementor-invisible e-con e-parent\" data-id=\"a7d06d2\" data-element_type=\"container\" data-e-type=\"container\" data-settings=\"{&quot;animation&quot;:&quot;fadeIn&quot;,&quot;animation_delay&quot;:600}\">\n\t\t\t\t<div class=\"elementor-element elementor-element-0a20ac6 elementor-widget elementor-widget-text-editor\" data-id=\"0a20ac6\" data-element_type=\"widget\" data-e-type=\"widget\" data-widget_type=\"text-editor.default\">\n\t\t\t\t<div class=\"elementor-widget-container\">\n\t\t\t\t\t\t\t\t\t<p>Participar en una Comunidad Energ\u00e9tica tiene importantes ventajas, pues permite una gesti\u00f3n muy eficiente de la energ\u00eda que se genera y consume, con una menor dependencia de las grandes empresas energ\u00e9ticas. Tambi\u00e9n el impacto econ\u00f3mico inicial es m\u00e1s bajo para cada socio ya que la inversi\u00f3n se realiza conjuntamente.<\/p>\n\t\t\t\t\t\t\t\t<\/div>\n\t\t\t\t<\/div>\n\t\t\t\t<\/div>\n\t\t\t\t<\/div>\n\t\t\t\t<\/div>\n\t\t\t\t\t<\/div>\n\t\t\t\t<\/div>\n\t\t<div class=\"elementor-element elementor-element-8e8b1c5 e-con-full e-flex e-con e-parent\" data-id=\"8e8b1c5\" data-element_type=\"container\" data-e-type=\"container\" data-settings=\"{&quot;background_background&quot;:&quot;classic&quot;}\">\n\t\t<div class=\"elementor-element elementor-element-15af950 e-con-full e-flex e-con e-parent\" data-id=\"15af950\" data-element_type=\"container\" data-e-type=\"container\">\n\t\t<div class=\"elementor-element elementor-element-5bc63f7 e-con-full e-flex e-con e-parent\" data-id=\"5bc63f7\" data-element_type=\"container\" data-e-type=\"container\" data-settings=\"{&quot;background_background&quot;:&quot;classic&quot;}\">\n\t\t<div class=\"elementor-element elementor-element-601115f e-con-full e-flex elementor-invisible e-con e-parent\" data-id=\"601115f\" data-element_type=\"container\" data-e-type=\"container\" data-settings=\"{&quot;background_background&quot;:&quot;classic&quot;,&quot;animation&quot;:&quot;fadeInUp&quot;}\">\n\t\t\t\t<\/div>\n\t\t<div class=\"elementor-element elementor-element-d8516fb e-con-full e-flex elementor-invisible e-con e-parent\" data-id=\"d8516fb\" data-element_type=\"container\" data-e-type=\"container\" data-settings=\"{&quot;background_background&quot;:&quot;classic&quot;,&quot;animation&quot;:&quot;fadeInUp&quot;,&quot;animation_delay&quot;:300}\">\n\t\t\t\t<\/div>\n\t\t\t\t<\/div>\n\t\t\t\t<\/div>\n\t\t\t\t<\/div>\n\t\t<div class=\"elementor-element elementor-element-5cfcb4d e-con-full e-flex e-con e-parent\" data-id=\"5cfcb4d\" data-element_type=\"container\" data-e-type=\"container\" data-settings=\"{&quot;background_background&quot;:&quot;classic&quot;}\">\n\t\t<div class=\"elementor-element elementor-element-54e3afc e-con-full e-flex e-con e-parent\" data-id=\"54e3afc\" data-element_type=\"container\" data-e-type=\"container\">\n\t\t\t\t<div class=\"elementor-element elementor-element-16295f5 elementor-widget elementor-widget-heading\" data-id=\"16295f5\" data-element_type=\"widget\" data-e-type=\"widget\" data-widget_type=\"heading.default\">\n\t\t\t\t<div class=\"elementor-widget-container\">\n\t\t\t\t\t<h2 class=\"elementor-heading-title elementor-size-default\">Cada vez m\u00e1s se oye hablar de las Comunidades Energ\u00e9ticas tanto locales como industriales, y desde Solcam le ayudaremos a dise\u00f1ar, implementar y gestionar la creaci\u00f3n del modelo de Comunidad Energ\u00e9tica que sea m\u00e1s adecuado a sus necesidades. <\/h2>\t\t\t\t<\/div>\n\t\t\t\t<\/div>\n\t\t\t\t<\/div>\n\t\t\t\t<\/div>\n\t\t<div class=\"elementor-element elementor-element-4367b51 e-flex e-con-boxed e-con e-parent\" data-id=\"4367b51\" data-element_type=\"container\" data-e-type=\"container\">\n\t\t\t\t\t<div class=\"e-con-inner\">\n\t\t\t\t<div class=\"elementor-element elementor-element-f40ee40 elementor-align-center elementor-widget elementor-widget-button\" data-id=\"f40ee40\" data-element_type=\"widget\" data-e-type=\"widget\" data-widget_type=\"button.default\">\n\t\t\t\t<div class=\"elementor-widget-container\">\n\t\t\t\t\t\t\t\t\t<div class=\"elementor-button-wrapper\">\n\t\t\t\t\t<a class=\"elementor-button elementor-button-link elementor-size-sm elementor-animation-shrink\" href=\"https:\/\/solcam.es\/es\/contacto\">\n\t\t\t\t\t\t<span class=\"elementor-button-content-wrapper\">\n\t\t\t\t\t\t\t\t\t<span class=\"elementor-button-text\">Cont\u00e1ctanos!<\/span>\n\t\t\t\t\t<\/span>\n\t\t\t\t\t<\/a>\n\t\t\t\t<\/div>\n\t\t\t\t\t\t\t\t<\/div>\n\t\t\t\t<\/div>\n\t\t\t\t\t<\/div>\n\t\t\t\t<\/div>\n\t\t\t\t<\/div>\n\t\t","protected":false},"excerpt":{"rendered":"<p>Comunidades Energ\u00e9ticas En Solcam trabajamos las comunidades energ\u00e9ticas con una visi\u00f3n de futuro que est\u00e1 transformando la forma en que producimos, consumimos y compartimos energ\u00eda de manera sostenible y colaborativa. \u00bfQu\u00e9 son las comunidades energ\u00e9ticas? Las Comunidades Energ\u00e9ticas son la herramienta principal para hacer realidad el empoderamiento ciudadano en el sector energ\u00e9tico y una forma [&hellip;]<\/p>\n","protected":false},"author":5,"featured_media":0,"parent":0,"menu_order":0,"comment_status":"closed","ping_status":"closed","template":"","meta":{"_joinchat":[],"footnotes":""},"class_list":["post-3701","page","type-page","status-publish","hentry"],"yoast_head":"<!-- This site is optimized with the Yoast SEO plugin v27.3 - https:\/\/yoast.com\/product\/yoast-seo-wordpress\/ -->\n<title>Comunidades Energ\u00e9ticas - Solcam<\/title>\n<meta name=\"robots\" content=\"index, follow, max-snippet:-1, max-image-preview:large, max-video-preview:-1\" \/>\n<link rel=\"canonical\" href=\"https:\/\/solcam.es\/es\/comunidades-energeticas\/\" \/>\n<meta property=\"og:locale\" content=\"es_ES\" \/>\n<meta property=\"og:type\" content=\"article\" \/>\n<meta property=\"og:title\" content=\"Comunidades Energ\u00e9ticas - Solcam\" \/>\n<meta property=\"og:description\" content=\"Comunidades Energ\u00e9ticas En Solcam trabajamos las comunidades energ\u00e9ticas con una visi\u00f3n de futuro que est\u00e1 transformando la forma en que producimos, consumimos y compartimos energ\u00eda de manera sostenible y colaborativa. \u00bfQu\u00e9 son las comunidades energ\u00e9ticas? Las Comunidades Energ\u00e9ticas son la herramienta principal para hacer realidad el empoderamiento ciudadano en el sector energ\u00e9tico y una forma [&hellip;]\" \/>\n<meta property=\"og:url\" content=\"https:\/\/solcam.es\/es\/comunidades-energeticas\/\" \/>\n<meta property=\"og:site_name\" content=\"Solcam\" \/>\n<meta property=\"article:publisher\" content=\"https:\/\/www.facebook.com\/solcam.es\" \/>\n<meta property=\"article:modified_time\" content=\"2023-09-12T07:20:46+00:00\" \/>\n<meta name=\"twitter:card\" content=\"summary_large_image\" \/>\n<meta name=\"twitter:label1\" content=\"Tiempo de lectura\" \/>\n\t<meta name=\"twitter:data1\" content=\"1 minuto\" \/>\n<script type=\"application\/ld+json\" class=\"yoast-schema-graph\">{\"@context\":\"https:\\\/\\\/schema.org\",\"@graph\":[{\"@type\":\"WebPage\",\"@id\":\"https:\\\/\\\/solcam.es\\\/es\\\/comunidades-energeticas\\\/\",\"url\":\"https:\\\/\\\/solcam.es\\\/es\\\/comunidades-energeticas\\\/\",\"name\":\"Comunidades Energ\u00e9ticas - Solcam\",\"isPartOf\":{\"@id\":\"https:\\\/\\\/solcam.es\\\/es\\\/#website\"},\"datePublished\":\"2023-07-19T15:25:50+00:00\",\"dateModified\":\"2023-09-12T07:20:46+00:00\",\"breadcrumb\":{\"@id\":\"https:\\\/\\\/solcam.es\\\/es\\\/comunidades-energeticas\\\/#breadcrumb\"},\"inLanguage\":\"es\",\"potentialAction\":[{\"@type\":\"ReadAction\",\"target\":[\"https:\\\/\\\/solcam.es\\\/es\\\/comunidades-energeticas\\\/\"]}]},{\"@type\":\"BreadcrumbList\",\"@id\":\"https:\\\/\\\/solcam.es\\\/es\\\/comunidades-energeticas\\\/#breadcrumb\",\"itemListElement\":[{\"@type\":\"ListItem\",\"position\":1,\"name\":\"Inici\",\"item\":\"https:\\\/\\\/solcam.es\\\/es\\\/\"},{\"@type\":\"ListItem\",\"position\":2,\"name\":\"Comunidades Energ\u00e9ticas\"}]},{\"@type\":\"WebSite\",\"@id\":\"https:\\\/\\\/solcam.es\\\/es\\\/#website\",\"url\":\"https:\\\/\\\/solcam.es\\\/es\\\/\",\"name\":\"Solcam\",\"description\":\"Te Trae Toda la Energ\u00eda\",\"publisher\":{\"@id\":\"https:\\\/\\\/solcam.es\\\/es\\\/#organization\"},\"potentialAction\":[{\"@type\":\"SearchAction\",\"target\":{\"@type\":\"EntryPoint\",\"urlTemplate\":\"https:\\\/\\\/solcam.es\\\/es\\\/?s={search_term_string}\"},\"query-input\":{\"@type\":\"PropertyValueSpecification\",\"valueRequired\":true,\"valueName\":\"search_term_string\"}}],\"inLanguage\":\"es\"},{\"@type\":\"Organization\",\"@id\":\"https:\\\/\\\/solcam.es\\\/es\\\/#organization\",\"name\":\"Solcam\",\"url\":\"https:\\\/\\\/solcam.es\\\/es\\\/\",\"logo\":{\"@type\":\"ImageObject\",\"inLanguage\":\"es\",\"@id\":\"https:\\\/\\\/solcam.es\\\/es\\\/#\\\/schema\\\/logo\\\/image\\\/\",\"url\":\"https:\\\/\\\/solcam.es\\\/wp-content\\\/uploads\\\/2024\\\/03\\\/1.png\",\"contentUrl\":\"https:\\\/\\\/solcam.es\\\/wp-content\\\/uploads\\\/2024\\\/03\\\/1.png\",\"width\":1920,\"height\":1080,\"caption\":\"Solcam\"},\"image\":{\"@id\":\"https:\\\/\\\/solcam.es\\\/es\\\/#\\\/schema\\\/logo\\\/image\\\/\"},\"sameAs\":[\"https:\\\/\\\/www.facebook.com\\\/solcam.es\",\"https:\\\/\\\/www.instagram.com\\\/solcam.es\\\/\"]}]}<\/script>\n<!-- \/ Yoast SEO plugin. -->","yoast_head_json":{"title":"Comunidades Energ\u00e9ticas - Solcam","robots":{"index":"index","follow":"follow","max-snippet":"max-snippet:-1","max-image-preview":"max-image-preview:large","max-video-preview":"max-video-preview:-1"},"canonical":"https:\/\/solcam.es\/es\/comunidades-energeticas\/","og_locale":"es_ES","og_type":"article","og_title":"Comunidades Energ\u00e9ticas - Solcam","og_description":"Comunidades Energ\u00e9ticas En Solcam trabajamos las comunidades energ\u00e9ticas con una visi\u00f3n de futuro que est\u00e1 transformando la forma en que producimos, consumimos y compartimos energ\u00eda de manera sostenible y colaborativa. \u00bfQu\u00e9 son las comunidades energ\u00e9ticas? Las Comunidades Energ\u00e9ticas son la herramienta principal para hacer realidad el empoderamiento ciudadano en el sector energ\u00e9tico y una forma [&hellip;]","og_url":"https:\/\/solcam.es\/es\/comunidades-energeticas\/","og_site_name":"Solcam","article_publisher":"https:\/\/www.facebook.com\/solcam.es","article_modified_time":"2023-09-12T07:20:46+00:00","twitter_card":"summary_large_image","twitter_misc":{"Tiempo de lectura":"1 minuto"},"schema":{"@context":"https:\/\/schema.org","@graph":[{"@type":"WebPage","@id":"https:\/\/solcam.es\/es\/comunidades-energeticas\/","url":"https:\/\/solcam.es\/es\/comunidades-energeticas\/","name":"Comunidades Energ\u00e9ticas - Solcam","isPartOf":{"@id":"https:\/\/solcam.es\/es\/#website"},"datePublished":"2023-07-19T15:25:50+00:00","dateModified":"2023-09-12T07:20:46+00:00","breadcrumb":{"@id":"https:\/\/solcam.es\/es\/comunidades-energeticas\/#breadcrumb"},"inLanguage":"es","potentialAction":[{"@type":"ReadAction","target":["https:\/\/solcam.es\/es\/comunidades-energeticas\/"]}]},{"@type":"BreadcrumbList","@id":"https:\/\/solcam.es\/es\/comunidades-energeticas\/#breadcrumb","itemListElement":[{"@type":"ListItem","position":1,"name":"Inici","item":"https:\/\/solcam.es\/es\/"},{"@type":"ListItem","position":2,"name":"Comunidades Energ\u00e9ticas"}]},{"@type":"WebSite","@id":"https:\/\/solcam.es\/es\/#website","url":"https:\/\/solcam.es\/es\/","name":"Solcam","description":"Te Trae Toda la Energ\u00eda","publisher":{"@id":"https:\/\/solcam.es\/es\/#organization"},"potentialAction":[{"@type":"SearchAction","target":{"@type":"EntryPoint","urlTemplate":"https:\/\/solcam.es\/es\/?s={search_term_string}"},"query-input":{"@type":"PropertyValueSpecification","valueRequired":true,"valueName":"search_term_string"}}],"inLanguage":"es"},{"@type":"Organization","@id":"https:\/\/solcam.es\/es\/#organization","name":"Solcam","url":"https:\/\/solcam.es\/es\/","logo":{"@type":"ImageObject","inLanguage":"es","@id":"https:\/\/solcam.es\/es\/#\/schema\/logo\/image\/","url":"https:\/\/solcam.es\/wp-content\/uploads\/2024\/03\/1.png","contentUrl":"https:\/\/solcam.es\/wp-content\/uploads\/2024\/03\/1.png","width":1920,"height":1080,"caption":"Solcam"},"image":{"@id":"https:\/\/solcam.es\/es\/#\/schema\/logo\/image\/"},"sameAs":["https:\/\/www.facebook.com\/solcam.es","https:\/\/www.instagram.com\/solcam.es\/"]}]}},"_links":{"self":[{"href":"https:\/\/solcam.es\/es\/wp-json\/wp\/v2\/pages\/3701","targetHints":{"allow":["GET"]}}],"collection":[{"href":"https:\/\/solcam.es\/es\/wp-json\/wp\/v2\/pages"}],"about":[{"href":"https:\/\/solcam.es\/es\/wp-json\/wp\/v2\/types\/page"}],"author":[{"embeddable":true,"href":"https:\/\/solcam.es\/es\/wp-json\/wp\/v2\/users\/5"}],"replies":[{"embeddable":true,"href":"https:\/\/solcam.es\/es\/wp-json\/wp\/v2\/comments?post=3701"}],"version-history":[{"count":2,"href":"https:\/\/solcam.es\/es\/wp-json\/wp\/v2\/pages\/3701\/revisions"}],"predecessor-version":[{"id":3703,"href":"https:\/\/solcam.es\/es\/wp-json\/wp\/v2\/pages\/3701\/revisions\/3703"}],"wp:attachment":[{"href":"https:\/\/solcam.es\/es\/wp-json\/wp\/v2\/media?parent=3701"}],"curies":[{"name":"wp","href":"https:\/\/api.w.org\/{rel}","templated":true}]}}